{"id":64,"date":"2025-12-23T04:26:19","date_gmt":"2025-12-23T03:26:19","guid":{"rendered":"https:\/\/koldry.dkonto.pl\/?page_id=64"},"modified":"2025-12-23T04:33:10","modified_gmt":"2025-12-23T03:33:10","slug":"polityka-prywatnosci","status":"publish","type":"page","link":"https:\/\/koldry.dkonto.pl\/index.php\/polityka-prywatnosci\/","title":{"rendered":"Polityka prywatno\u015bci"},"content":{"rendered":"<style>.kb-row-layout-id64_312075-62 > .kt-row-column-wrap{align-content:start;}:where(.kb-row-layout-id64_312075-62 > .kt-row-column-wrap) > .wp-block-kadence-column{justify-content:start;}.kb-row-layout-id64_312075-62 > .kt-row-column-wrap{column-gap:var(--global-kb-gap-md, 2rem);row-gap:var(--global-kb-gap-md, 2rem);max-width:var( --global-content-width, 1290px );padding-left:var(--global-content-edge-padding);padding-right:var(--global-content-edge-padding);padding-top:var(--global-kb-spacing-xl, 4rem);padding-bottom:var(--global-kb-spacing-lg, 3rem);grid-template-columns:minmax(0, 1fr);}.kb-row-layout-id64_312075-62 > .kt-row-layout-overlay{opacity:0.80;}.kb-row-layout-id64_312075-62 ,.kb-row-layout-id64_312075-62 h1,.kb-row-layout-id64_312075-62 h2,.kb-row-layout-id64_312075-62 h3,.kb-row-layout-id64_312075-62 h4,.kb-row-layout-id64_312075-62 h5,.kb-row-layout-id64_312075-62 h6{color:var(--global-palette3, #1A202C);}.kb-row-layout-id64_312075-62 a{color:var(--global-palette4, #2D3748);}.kb-row-layout-id64_312075-62 a:hover{color:var(--global-palette5, #4A5568);}@media all and (max-width: 1024px){.kb-row-layout-id64_312075-62 > .kt-row-column-wrap{grid-template-columns:minmax(0, 1fr);}}@media all and (max-width: 767px){.kb-row-layout-id64_312075-62 > .kt-row-column-wrap{grid-template-columns:minmax(0, 1fr);}}<\/style><div class=\"kb-row-layout-wrap kb-row-layout-id64_312075-62 alignfull has-theme-palette9-background-color kt-row-has-bg wp-block-kadence-rowlayout\"><div class=\"kt-row-column-wrap kt-has-1-columns kt-row-layout-equal kt-tab-layout-inherit kt-mobile-layout-row kt-row-valign-top kb-theme-content-width\">\n<style>.kadence-column64_1bfb18-5a > .kt-inside-inner-col,.kadence-column64_1bfb18-5a > .kt-inside-inner-col:before{border-top-left-radius:0px;border-top-right-radius:0px;border-bottom-right-radius:0px;border-bottom-left-radius:0px;}.kadence-column64_1bfb18-5a > .kt-inside-inner-col{column-gap:var(--global-kb-gap-sm, 1rem);}.kadence-column64_1bfb18-5a > .kt-inside-inner-col{flex-direction:column;}.kadence-column64_1bfb18-5a > .kt-inside-inner-col > .aligncenter{width:100%;}.kadence-column64_1bfb18-5a > .kt-inside-inner-col:before{opacity:0.3;}.kadence-column64_1bfb18-5a{position:relative;}@media all and (max-width: 1024px){.kadence-column64_1bfb18-5a > .kt-inside-inner-col{flex-direction:column;justify-content:center;}}@media all and (max-width: 767px){.kadence-column64_1bfb18-5a > .kt-inside-inner-col{flex-direction:column;justify-content:center;}}<\/style>\n<div class=\"wp-block-kadence-column kadence-column64_1bfb18-5a\"><div class=\"kt-inside-inner-col\"><style>.wp-block-kadence-advancedheading.kt-adv-heading64_b2b76d-52, .wp-block-kadence-advancedheading.kt-adv-heading64_b2b76d-52[data-kb-block=\"kb-adv-heading64_b2b76d-52\"]{margin-top:0px;font-size:var(--global-kb-font-size-lg, 2rem);line-height:1.2;font-style:normal;}.wp-block-kadence-advancedheading.kt-adv-heading64_b2b76d-52 mark.kt-highlight, .wp-block-kadence-advancedheading.kt-adv-heading64_b2b76d-52[data-kb-block=\"kb-adv-heading64_b2b76d-52\"] mark.kt-highlight{font-style:normal;color:#f76a0c;-webkit-box-decoration-break:clone;box-decoration-break:clone;padding-top:0px;padding-right:0px;padding-bottom:0px;padding-left:0px;}@media all and (max-width: 1024px){.wp-block-kadence-advancedheading.kt-adv-heading64_b2b76d-52, .wp-block-kadence-advancedheading.kt-adv-heading64_b2b76d-52[data-kb-block=\"kb-adv-heading64_b2b76d-52\"]{text-align:center!important;}}<\/style>\n<h2 class=\"kt-adv-heading64_b2b76d-52 wp-block-kadence-advancedheading has-theme-palette-3-color has-text-color\" data-kb-block=\"kb-adv-heading64_b2b76d-52\">Polityka prywatno\u015bci<\/h2>\n\n\n<style>.wp-block-kadence-advancedheading.kt-adv-heading64_037baf-42, .wp-block-kadence-advancedheading.kt-adv-heading64_037baf-42[data-kb-block=\"kb-adv-heading64_037baf-42\"]{font-size:var(--global-kb-font-size-sm, 0.9rem);font-style:normal;}.wp-block-kadence-advancedheading.kt-adv-heading64_037baf-42 mark.kt-highlight, .wp-block-kadence-advancedheading.kt-adv-heading64_037baf-42[data-kb-block=\"kb-adv-heading64_037baf-42\"] mark.kt-highlight{font-style:normal;color:#f76a0c;-webkit-box-decoration-break:clone;box-decoration-break:clone;padding-top:0px;padding-right:0px;padding-bottom:0px;padding-left:0px;}@media all and (max-width: 1024px){.wp-block-kadence-advancedheading.kt-adv-heading64_037baf-42, .wp-block-kadence-advancedheading.kt-adv-heading64_037baf-42[data-kb-block=\"kb-adv-heading64_037baf-42\"]{text-align:center!important;}}<\/style>\n<p class=\"kt-adv-heading64_037baf-42 wp-block-kadence-advancedheading has-theme-palette-4-color has-text-color\" data-kb-block=\"kb-adv-heading64_037baf-42\"><strong>1. Informacje og\u00f3lne<br><\/strong>Niniejsza polityka dotyczy Serwisu www, funkcjonuj\u0105cego pod adresem url:\u00a0<strong>producent-kolder.pl<\/strong><br>Operatorem serwisu oraz Administratorem danych osobowych jest: Robi Est.97 Sp\u00f3\u0142ka z ograniczon\u0105 odpowiedzialno\u015bci\u0105 ul. Lipowa 13, 09-100 P\u0142o\u0144sk<br>Adres kontaktowy poczty elektronicznej operatora: biuro@producent-kolder.pl<br>Operator jest Administratorem Twoich danych osobowych w odniesieniu do danych podanych dobrowolnie w Serwisie.<br>Serwis wykorzystuje dane osobowe w nast\u0119puj\u0105cych celach:Przygotowanie, pakowanie, wysy\u0142ka towar\u00f3w<br>Realizacja zam\u00f3wionych us\u0142ug<br>Serwis realizuje funkcje pozyskiwania informacji o u\u017cytkownikach i ich zachowaniu w nast\u0119puj\u0105cy spos\u00f3b:Poprzez dobrowolnie wprowadzone w formularzach dane, kt\u00f3re zostaj\u0105 wprowadzone do system\u00f3w Operatora.<br>Poprzez zapisywanie w urz\u0105dzeniach ko\u0144cowych plik\u00f3w cookie (tzw. \u201eciasteczka\u201d).<br><br><strong>2. Wybrane metody ochrony danych stosowane przez Operatora<br><\/strong>Miejsca logowania i wprowadzania danych osobowych s\u0105 chronione w warstwie transmisji (certyfikat SSL). Dzi\u0119ki temu dane osobowe i dane logowania, wprowadzone na stronie, zostaj\u0105 zaszyfrowane w komputerze u\u017cytkownika i mog\u0105 by\u0107 odczytane jedynie na docelowym serwerze.<br>Has\u0142a u\u017cytkownik\u00f3w s\u0105 przechowywane w postaci hashowanej. Funkcja hashuj\u0105ca dzia\u0142a jednokierunkowo \u2013 nie jest mo\u017cliwe odwr\u00f3cenie jej dzia\u0142ania, co stanowi obecnie wsp\u00f3\u0142czesny standard w zakresie przechowywania hase\u0142 u\u017cytkownik\u00f3w.<br>Operator okresowo zmienia swoje has\u0142a administracyjne.<br><br><strong>3. Hosting<br><\/strong>Serwis jest hostowany (technicznie utrzymywany) na serwera operatora: inna firma.<br><br><strong>4. Twoje prawa i dodatkowe informacje o sposobie wykorzystania danych<br><\/strong>W niekt\u00f3rych sytuacjach Administrator ma prawo przekazywa\u0107 Twoje dane osobowe innym odbiorcom, je\u015bli b\u0119dzie to niezb\u0119dne do wykonania zawartej z Tob\u0105 umowy lub do zrealizowania obowi\u0105zk\u00f3w ci\u0105\u017c\u0105cych na Administratorze. Dotyczy to takich grup odbiorc\u00f3w:firma hostingowa na zasadzie powierzenia<br>Twoje dane osobowe przetwarzane przez Administratora nie d\u0142u\u017cej, ni\u017c jest to konieczne do wykonania zwi\u0105zanych z nimi czynno\u015bci okre\u015blonych osobnymi przepisami (np. o prowadzeniu rachunkowo\u015bci). W odniesieniu do danych marketingowych dane nie b\u0119d\u0105 przetwarzane d\u0142u\u017cej ni\u017c przez 3 lata.<br>Przys\u0142uguje Ci prawo \u017c\u0105dania od Administratora:dost\u0119pu do danych osobowych Ciebie dotycz\u0105cych,<br>ich sprostowania,<br>usuni\u0119cia,<br>ograniczenia przetwarzania,<br>oraz przenoszenia danych.<br>Przys\u0142uguje Ci prawo do z\u0142o\u017cenia sprzeciwu w zakresie przetwarzania wskazanego w pkt 3.3 c) wobec przetwarzania danych osobowych w celu wykonania prawnie uzasadnionych interes\u00f3w realizowanych przez Administratora, w tym profilowania, przy czym prawo sprzeciwu nie b\u0119dzie mog\u0142o by\u0107 wykonane w przypadku istnienia wa\u017cnych prawnie uzasadnionych podstaw do przetwarzania, nadrz\u0119dnych wobec Ciebie interes\u00f3w, praw i wolno\u015bci, w szczeg\u00f3lno\u015bci ustalenia, dochodzenia lub obrony roszcze\u0144.<br>Na dzia\u0142ania Administratora przys\u0142uguje skarga do Prezesa Urz\u0119du Ochrony Danych Osobowych, ul. Stawki 2, 00-193 Warszawa.<br>Podanie danych osobowych jest dobrowolne, lecz niezb\u0119dne do obs\u0142ugi Serwisu.<br>W stosunku do Ciebie mog\u0105 by\u0107 podejmowane czynno\u015bci polegaj\u0105ce na zautomatyzowanym podejmowaniu decyzji, w tym profilowaniu w celu \u015bwiadczenia us\u0142ug w ramach zawartej umowy oraz w celu prowadzenia przez Administratora marketingu bezpo\u015bredniego.<br>Dane osobowe nie s\u0105 przekazywane od kraj\u00f3w trzecich w rozumieniu przepis\u00f3w o ochronie danych osobowych. Oznacza to, \u017ce nie przesy\u0142amy ich poza teren Unii Europejskiej.<br><br><strong>5. Informacje w formularzach<br><\/strong>Serwis zbiera informacje podane dobrowolnie przez u\u017cytkownika, w tym dane osobowe, o ile zostan\u0105 one podane.<br>Serwis mo\u017ce zapisa\u0107 informacje o parametrach po\u0142\u0105czenia (oznaczenie czasu, adres IP).<br>Serwis, w niekt\u00f3rych wypadkach, mo\u017ce zapisa\u0107 informacj\u0119 u\u0142atwiaj\u0105c\u0105 powi\u0105zanie danych w formularzu z adresem e-mail u\u017cytkownika wype\u0142niaj\u0105cego formularz. W takim wypadku adres e-mail u\u017cytkownika pojawia si\u0119 wewn\u0105trz adresu url strony zawieraj\u0105cej formularz.<br>Dane podane w formularzu s\u0105 przetwarzane w celu wynikaj\u0105cym z funkcji konkretnego formularza, np. w celu dokonania procesu obs\u0142ugi zg\u0142oszenia serwisowego lub kontaktu handlowego, rejestracji us\u0142ug itp. Ka\u017cdorazowo kontekst i opis formularza w czytelny spos\u00f3b informuje, do czego on s\u0142u\u017cy.<br><br><strong>6. Logi Administratora<br><\/strong>Informacje zachowaniu u\u017cytkownik\u00f3w w serwisie mog\u0105 podlega\u0107 logowaniu. Dane te s\u0105 wykorzystywane w celu administrowania serwisem.<br><br><strong>7. Istotne techniki marketingowe<br><\/strong>Operator stosuje analiz\u0119 statystyczn\u0105 ruchu na stronie, poprzez Google Analytics (Google Inc. z siedzib\u0105 w USA). Operator nie przekazuje do operatora tej us\u0142ugi danych osobowych, a jedynie zanonimizowane informacje. Us\u0142uga bazuje na wykorzystaniu ciasteczek w urz\u0105dzeniu ko\u0144cowym u\u017cytkownika. W zakresie informacji o preferencjach u\u017cytkownika gromadzonych przez sie\u0107 reklamow\u0105 Google u\u017cytkownik mo\u017ce przegl\u0105da\u0107 i edytowa\u0107 informacje wynikaj\u0105ce z plik\u00f3w cookies przy pomocy narz\u0119dzia: https:\/\/www.google.com\/ads\/preferences\/<br><br><strong>8. Informacja o plikach cookies<br><\/strong>Serwis korzysta z plik\u00f3w cookies.<br>Pliki cookies (tzw. \u201eciasteczka\u201d) stanowi\u0105 dane informatyczne, w szczeg\u00f3lno\u015bci pliki tekstowe, kt\u00f3re przechowywane s\u0105 w urz\u0105dzeniu ko\u0144cowym U\u017cytkownika Serwisu i przeznaczone s\u0105 do korzystania ze stron internetowych Serwisu. Cookies zazwyczaj zawieraj\u0105 nazw\u0119 strony internetowej, z kt\u00f3rej pochodz\u0105, czas przechowywania ich na urz\u0105dzeniu ko\u0144cowym oraz unikalny numer.<br>Podmiotem zamieszczaj\u0105cym na urz\u0105dzeniu ko\u0144cowym U\u017cytkownika Serwisu pliki cookies oraz uzyskuj\u0105cym do nich dost\u0119p jest operator Serwisu.<br>Pliki cookies wykorzystywane s\u0105 w nast\u0119puj\u0105cych celach:utrzymanie sesji u\u017cytkownika Serwisu (po zalogowaniu), dzi\u0119ki kt\u00f3rej u\u017cytkownik nie musi na ka\u017cdej podstronie Serwisu ponownie wpisywa\u0107 loginu i has\u0142a;<br>realizacji cel\u00f3w okre\u015blonych powy\u017cej w cz\u0119\u015bci \u201eIstotne techniki marketingowe\u201d;<br>W ramach Serwisu stosowane s\u0105 dwa zasadnicze rodzaje plik\u00f3w cookies: \u201esesyjne\u201d (session cookies) oraz \u201esta\u0142e\u201d (persistent cookies). Cookies \u201esesyjne\u201d s\u0105 plikami tymczasowymi, kt\u00f3re przechowywane s\u0105 w urz\u0105dzeniu ko\u0144cowym U\u017cytkownika do czasu wylogowania, opuszczenia strony internetowej lub wy\u0142\u0105czenia oprogramowania (przegl\u0105darki internetowej). \u201eSta\u0142e\u201d pliki cookies przechowywane s\u0105 w urz\u0105dzeniu ko\u0144cowym U\u017cytkownika przez czas okre\u015blony w parametrach plik\u00f3w cookies lub do czasu ich usuni\u0119cia przez U\u017cytkownika.<br>Oprogramowanie do przegl\u0105dania stron internetowych (przegl\u0105darka internetowa) zazwyczaj domy\u015blnie dopuszcza przechowywanie plik\u00f3w cookies w urz\u0105dzeniu ko\u0144cowym U\u017cytkownika. U\u017cytkownicy Serwisu mog\u0105 dokona\u0107 zmiany ustawie\u0144 w tym zakresie.\u00a0Przegl\u0105darka internetowa umo\u017cliwia usuni\u0119cie plik\u00f3w cookies. Mo\u017cliwe jest tak\u017ce automatyczne blokowanie plik\u00f3w cookies Szczeg\u00f3\u0142owe informacje na ten temat zawiera pomoc lub dokumentacja przegl\u0105darki internetowej.<br>Ograniczenia stosowania plik\u00f3w cookies mog\u0105 wp\u0142yn\u0105\u0107 na niekt\u00f3re funkcjonalno\u015bci dost\u0119pne na stronach internetowych Serwisu.<br>Pliki cookies zamieszczane w urz\u0105dzeniu ko\u0144cowym U\u017cytkownika Serwisu wykorzystywane mog\u0105 by\u0107 r\u00f3wnie\u017c przez wsp\u00f3\u0142pracuj\u0105ce z operatorem Serwisu podmioty, w szczeg\u00f3lno\u015bci dotyczy to firm: Google (Google Inc. z siedzib\u0105 w USA), Facebook (Facebook Inc. z siedzib\u0105 w USA), Twitter (Twitter Inc. z siedzib\u0105 w USA).<br><br><strong>9. Zarz\u0105dzanie plikami cookies \u2013 jak w praktyce wyra\u017ca\u0107 i cofa\u0107 zgod\u0119?<br><\/strong>Je\u015bli u\u017cytkownik nie chce otrzymywa\u0107 plik\u00f3w cookies, mo\u017ce zmieni\u0107 ustawienia przegl\u0105darki. Zastrzegamy, \u017ce wy\u0142\u0105czenie obs\u0142ugi plik\u00f3w cookies niezb\u0119dnych dla proces\u00f3w uwierzytelniania, bezpiecze\u0144stwa, utrzymania preferencji u\u017cytkownika mo\u017ce utrudni\u0107,\u00a0a w skrajnych przypadkach mo\u017ce uniemo\u017cliwi\u0107 korzystanie ze stron www<br>W celu zarz\u0105dzania ustawienia cookies wybierz z listy poni\u017cej przegl\u0105dark\u0119 internetow\u0105, kt\u00f3rej u\u017cywasz i post\u0119puj zgodnie z instrukcjami:<a href=\"https:\/\/support.microsoft.com\/pl-pl\/help\/10607\/microsoft-edge-view-delete-browser-history\">Edge<\/a><br><a href=\"https:\/\/support.microsoft.com\/pl-pl\/help\/278835\/how-to-delete-cookie-files-in-internet-explorer\">Internet Explorer<\/a><br><a href=\"http:\/\/support.google.com\/chrome\/bin\/answer.py?hl=pl&amp;answer=95647\">Chrome<\/a><br><a href=\"http:\/\/support.apple.com\/kb\/PH5042\">Safari<\/a><br><a href=\"http:\/\/support.mozilla.org\/pl\/kb\/W%C5%82%C4%85czanie%20i%20wy%C5%82%C4%85czanie%20obs%C5%82ugi%20ciasteczek\">Firefox<\/a><br><a href=\"http:\/\/help.opera.com\/Windows\/12.10\/pl\/cookies.html\">Opera<\/a><br>Urz\u0105dzenia mobilne:<a href=\"http:\/\/support.google.com\/chrome\/bin\/answer.py?hl=pl&amp;answer=95647\">Android<\/a><br><a href=\"http:\/\/support.apple.com\/kb\/HT1677?viewlocale=pl_PL\">Safari (iOS)<\/a><br><a href=\"http:\/\/www.windowsphone.com\/pl-pl\/how-to\/wp7\/web\/changing-privacy-and-other-browser-settings\">Windows Phone<\/a><\/p>\n<\/div><\/div>\n\n\n<style>.kadence-column64_8ece9c-45 > .kt-inside-inner-col,.kadence-column64_8ece9c-45 > .kt-inside-inner-col:before{border-top-left-radius:0px;border-top-right-radius:0px;border-bottom-right-radius:0px;border-bottom-left-radius:0px;}.kadence-column64_8ece9c-45 > .kt-inside-inner-col{column-gap:var(--global-kb-gap-sm, 1rem);}.kadence-column64_8ece9c-45 > .kt-inside-inner-col{flex-direction:column;}.kadence-column64_8ece9c-45 > .kt-inside-inner-col > .aligncenter{width:100%;}.kadence-column64_8ece9c-45 > .kt-inside-inner-col:before{opacity:0.3;}.kadence-column64_8ece9c-45{position:relative;}@media all and (max-width: 1024px){.kadence-column64_8ece9c-45 > .kt-inside-inner-col{flex-direction:column;justify-content:center;}}@media all and (max-width: 767px){.kadence-column64_8ece9c-45 > .kt-inside-inner-col{flex-direction:column;justify-content:center;}}<\/style>\n<div class=\"wp-block-kadence-column kadence-column64_8ece9c-45\"><div class=\"kt-inside-inner-col\"><style>.kb-row-layout-id64_7dc169-4b > .kt-row-column-wrap{align-content:start;}:where(.kb-row-layout-id64_7dc169-4b > .kt-row-column-wrap) > .wp-block-kadence-column{justify-content:start;}.kb-row-layout-id64_7dc169-4b > .kt-row-column-wrap{column-gap:var(--global-kb-gap-md, 2rem);row-gap:var(--global-kb-gap-md, 2rem);padding-top:0px;padding-right:0px;padding-bottom:0px;padding-left:0px;grid-template-columns:minmax(0, 1fr);}.kb-row-layout-id64_7dc169-4b > .kt-row-layout-overlay{opacity:0.30;}@media all and (max-width: 1024px){.kb-row-layout-id64_7dc169-4b > .kt-row-column-wrap{padding-right:var(--global-kb-spacing-4xl, 8rem);padding-left:var(--global-kb-spacing-4xl, 8rem);grid-template-columns:minmax(0, 1fr);}}@media all and (max-width: 767px){.kb-row-layout-id64_7dc169-4b > .kt-row-column-wrap{padding-right:0px;padding-left:0px;grid-template-columns:minmax(0, 1fr);}}<\/style><div class=\"kb-row-layout-wrap kb-row-layout-id64_7dc169-4b alignnone wp-block-kadence-rowlayout\"><div class=\"kt-row-column-wrap kt-has-1-columns kt-row-layout-equal kt-tab-layout-inherit kt-mobile-layout-row kt-row-valign-top\">\n<style>.kadence-column64_d43e4e-59 > .kt-inside-inner-col,.kadence-column64_d43e4e-59 > .kt-inside-inner-col:before{border-top-left-radius:0px;border-top-right-radius:0px;border-bottom-right-radius:0px;border-bottom-left-radius:0px;}.kadence-column64_d43e4e-59 > .kt-inside-inner-col{column-gap:var(--global-kb-gap-sm, 1rem);}.kadence-column64_d43e4e-59 > .kt-inside-inner-col{flex-direction:column;}.kadence-column64_d43e4e-59 > .kt-inside-inner-col > .aligncenter{width:100%;}.kadence-column64_d43e4e-59 > .kt-inside-inner-col:before{opacity:0.3;}.kadence-column64_d43e4e-59{position:relative;}@media all and (max-width: 1024px){.kadence-column64_d43e4e-59 > .kt-inside-inner-col{flex-direction:column;justify-content:center;}}@media all and (max-width: 767px){.kadence-column64_d43e4e-59 > .kt-inside-inner-col{flex-direction:column;justify-content:center;}}<\/style>\n<div class=\"wp-block-kadence-column kadence-column64_d43e4e-59\"><div class=\"kt-inside-inner-col\"><\/div><\/div>\n\n<\/div><\/div><\/div><\/div>\n\n<\/div><\/div>","protected":false},"excerpt":{"rendered":"<p>Polityka prywatno\u015bci 1. Informacje og\u00f3lneNiniejsza polityka dotyczy Serwisu www, funkcjonuj\u0105cego pod adresem url:\u00a0producent-kolder.plOperatorem serwisu oraz Administratorem danych osobowych jest: Robi Est.97 Sp\u00f3\u0142ka z ograniczon\u0105 odpowiedzialno\u015bci\u0105 ul. Lipowa 13, 09-100 P\u0142o\u0144skAdres kontaktowy poczty elektronicznej operatora: biuro@producent-kolder.plOperator jest Administratorem Twoich danych osobowych w odniesieniu do danych podanych dobrowolnie w Serwisie.Serwis wykorzystuje dane osobowe w nast\u0119puj\u0105cych celach:Przygotowanie, pakowanie,&#8230;<\/p>\n","protected":false},"author":1,"featured_media":0,"parent":0,"menu_order":0,"comment_status":"closed","ping_status":"closed","template":"","meta":{"_kadence_starter_templates_imported_post":false,"_kad_post_transparent":"default","_kad_post_title":"hide","_kad_post_layout":"fullwidth","_kad_post_sidebar_id":"","_kad_post_content_style":"unboxed","_kad_post_vertical_padding":"hide","_kad_post_feature":"hide","_kad_post_feature_position":"","_kad_post_header":false,"_kad_post_footer":false,"_kad_post_classname":"","footnotes":""},"class_list":["post-64","page","type-page","status-publish","hentry"],"_links":{"self":[{"href":"https:\/\/koldry.dkonto.pl\/index.php\/wp-json\/wp\/v2\/pages\/64","targetHints":{"allow":["GET"]}}],"collection":[{"href":"https:\/\/koldry.dkonto.pl\/index.php\/wp-json\/wp\/v2\/pages"}],"about":[{"href":"https:\/\/koldry.dkonto.pl\/index.php\/wp-json\/wp\/v2\/types\/page"}],"author":[{"embeddable":true,"href":"https:\/\/koldry.dkonto.pl\/index.php\/wp-json\/wp\/v2\/users\/1"}],"replies":[{"embeddable":true,"href":"https:\/\/koldry.dkonto.pl\/index.php\/wp-json\/wp\/v2\/comments?post=64"}],"version-history":[{"count":4,"href":"https:\/\/koldry.dkonto.pl\/index.php\/wp-json\/wp\/v2\/pages\/64\/revisions"}],"predecessor-version":[{"id":72,"href":"https:\/\/koldry.dkonto.pl\/index.php\/wp-json\/wp\/v2\/pages\/64\/revisions\/72"}],"wp:attachment":[{"href":"https:\/\/koldry.dkonto.pl\/index.php\/wp-json\/wp\/v2\/media?parent=64"}],"curies":[{"name":"wp","href":"https:\/\/api.w.org\/{rel}","templated":true}]}}