{"id":37,"date":"2025-12-21T16:06:14","date_gmt":"2025-12-21T15:06:14","guid":{"rendered":"https:\/\/koldry.dkonto.pl\/?page_id=37"},"modified":"2025-12-21T16:13:23","modified_gmt":"2025-12-21T15:13:23","slug":"pytania","status":"publish","type":"page","link":"https:\/\/koldry.dkonto.pl\/index.php\/pytania\/","title":{"rendered":"Pytania"},"content":{"rendered":"<style>.kb-row-layout-id37_928a77-17 > .kt-row-column-wrap{align-content:start;}:where(.kb-row-layout-id37_928a77-17 > .kt-row-column-wrap) > .wp-block-kadence-column{justify-content:start;}.kb-row-layout-id37_928a77-17 > .kt-row-column-wrap{column-gap:var(--global-kb-gap-md, 2rem);row-gap:var(--global-kb-gap-md, 2rem);max-width:var( --global-content-width, 1290px );padding-left:var(--global-content-edge-padding);padding-right:var(--global-content-edge-padding);padding-top:var(--global-kb-spacing-xl, 4rem);padding-bottom:var(--global-kb-spacing-lg, 3rem);grid-template-columns:minmax(0, 1fr);}.kb-row-layout-id37_928a77-17 > .kt-row-layout-overlay{opacity:0.80;}.kb-row-layout-id37_928a77-17 ,.kb-row-layout-id37_928a77-17 h1,.kb-row-layout-id37_928a77-17 h2,.kb-row-layout-id37_928a77-17 h3,.kb-row-layout-id37_928a77-17 h4,.kb-row-layout-id37_928a77-17 h5,.kb-row-layout-id37_928a77-17 h6{color:var(--global-palette3, #1A202C);}.kb-row-layout-id37_928a77-17 a{color:var(--global-palette4, #2D3748);}.kb-row-layout-id37_928a77-17 a:hover{color:var(--global-palette5, #4A5568);}@media all and (max-width: 1024px){.kb-row-layout-id37_928a77-17 > .kt-row-column-wrap{grid-template-columns:minmax(0, 1fr);}}@media all and (max-width: 767px){.kb-row-layout-id37_928a77-17 > .kt-row-column-wrap{grid-template-columns:minmax(0, 1fr);}}<\/style><div class=\"kb-row-layout-wrap kb-row-layout-id37_928a77-17 alignfull has-theme-palette9-background-color kt-row-has-bg wp-block-kadence-rowlayout\"><div class=\"kt-row-column-wrap kt-has-1-columns kt-row-layout-equal kt-tab-layout-inherit kt-mobile-layout-row kt-row-valign-top kb-theme-content-width\">\n<style>.kadence-column37_d31370-ae > .kt-inside-inner-col,.kadence-column37_d31370-ae > .kt-inside-inner-col:before{border-top-left-radius:0px;border-top-right-radius:0px;border-bottom-right-radius:0px;border-bottom-left-radius:0px;}.kadence-column37_d31370-ae > .kt-inside-inner-col{column-gap:var(--global-kb-gap-sm, 1rem);}.kadence-column37_d31370-ae > .kt-inside-inner-col{flex-direction:column;}.kadence-column37_d31370-ae > .kt-inside-inner-col > .aligncenter{width:100%;}.kadence-column37_d31370-ae > .kt-inside-inner-col:before{opacity:0.3;}.kadence-column37_d31370-ae{position:relative;}@media all and (max-width: 1024px){.kadence-column37_d31370-ae > .kt-inside-inner-col{flex-direction:column;justify-content:center;}}@media all and (max-width: 767px){.kadence-column37_d31370-ae > .kt-inside-inner-col{flex-direction:column;justify-content:center;}}<\/style>\n<div class=\"wp-block-kadence-column kadence-column37_d31370-ae\"><div class=\"kt-inside-inner-col\"><style>.wp-block-kadence-advancedheading.kt-adv-heading37_e4d8ff-0e, .wp-block-kadence-advancedheading.kt-adv-heading37_e4d8ff-0e[data-kb-block=\"kb-adv-heading37_e4d8ff-0e\"]{font-style:normal;}.wp-block-kadence-advancedheading.kt-adv-heading37_e4d8ff-0e mark.kt-highlight, .wp-block-kadence-advancedheading.kt-adv-heading37_e4d8ff-0e[data-kb-block=\"kb-adv-heading37_e4d8ff-0e\"] mark.kt-highlight{font-style:normal;color:#f76a0c;-webkit-box-decoration-break:clone;box-decoration-break:clone;padding-top:0px;padding-right:0px;padding-bottom:0px;padding-left:0px;}@media all and (max-width: 1024px){.wp-block-kadence-advancedheading.kt-adv-heading37_e4d8ff-0e, .wp-block-kadence-advancedheading.kt-adv-heading37_e4d8ff-0e[data-kb-block=\"kb-adv-heading37_e4d8ff-0e\"]{text-align:center!important;}}@media all and (max-width: 767px){.wp-block-kadence-advancedheading.kt-adv-heading37_e4d8ff-0e, .wp-block-kadence-advancedheading.kt-adv-heading37_e4d8ff-0e[data-kb-block=\"kb-adv-heading37_e4d8ff-0e\"]{font-size:var(--global-kb-font-size-md, 1.25rem);}}<\/style>\n<div class=\"kt-adv-heading37_e4d8ff-0e wp-block-kadence-advancedheading has-theme-palette-3-color has-text-color\" data-kb-block=\"kb-adv-heading37_e4d8ff-0e\"><em>FAQ<\/em><\/div>\n\n\n<style>.wp-block-kadence-advancedheading.kt-adv-heading37_4def07-5f, .wp-block-kadence-advancedheading.kt-adv-heading37_4def07-5f[data-kb-block=\"kb-adv-heading37_4def07-5f\"]{margin-top:0px;font-size:var(--global-kb-font-size-lg, 2rem);line-height:1.2;font-style:normal;}.wp-block-kadence-advancedheading.kt-adv-heading37_4def07-5f mark.kt-highlight, .wp-block-kadence-advancedheading.kt-adv-heading37_4def07-5f[data-kb-block=\"kb-adv-heading37_4def07-5f\"] mark.kt-highlight{font-style:normal;color:#f76a0c;-webkit-box-decoration-break:clone;box-decoration-break:clone;padding-top:0px;padding-right:0px;padding-bottom:0px;padding-left:0px;}@media all and (max-width: 1024px){.wp-block-kadence-advancedheading.kt-adv-heading37_4def07-5f, .wp-block-kadence-advancedheading.kt-adv-heading37_4def07-5f[data-kb-block=\"kb-adv-heading37_4def07-5f\"]{text-align:center!important;}}<\/style>\n<h2 class=\"kt-adv-heading37_4def07-5f wp-block-kadence-advancedheading has-theme-palette-3-color has-text-color\" data-kb-block=\"kb-adv-heading37_4def07-5f\">Najcz\u0119\u015bciej zadawane pytania i odpowiedzi<\/h2>\n\n\n<style>.wp-block-kadence-advancedheading.kt-adv-heading37_5d235c-f6, .wp-block-kadence-advancedheading.kt-adv-heading37_5d235c-f6[data-kb-block=\"kb-adv-heading37_5d235c-f6\"]{font-style:normal;}.wp-block-kadence-advancedheading.kt-adv-heading37_5d235c-f6 mark.kt-highlight, .wp-block-kadence-advancedheading.kt-adv-heading37_5d235c-f6[data-kb-block=\"kb-adv-heading37_5d235c-f6\"] mark.kt-highlight{font-style:normal;color:#f76a0c;-webkit-box-decoration-break:clone;box-decoration-break:clone;padding-top:0px;padding-right:0px;padding-bottom:0px;padding-left:0px;}@media all and (max-width: 1024px){.wp-block-kadence-advancedheading.kt-adv-heading37_5d235c-f6, .wp-block-kadence-advancedheading.kt-adv-heading37_5d235c-f6[data-kb-block=\"kb-adv-heading37_5d235c-f6\"]{text-align:center!important;}}<\/style>\n<p class=\"kt-adv-heading37_5d235c-f6 wp-block-kadence-advancedheading has-theme-palette-4-color has-text-color\" data-kb-block=\"kb-adv-heading37_5d235c-f6\"><strong>Produkt naturalny czy antyalergiczny \u2013 co wybra\u0107?<\/strong><br>Ko\u0142dry i poduszki naturalne (np. z pierza, puchu, we\u0142ny, bawe\u0142ny) zapewniaj\u0105 doskona\u0142\u0105 termoregulacj\u0119 i komfort snu. Produkty antyalergiczne (syntetyczne lub specjalnie przetworzone naturalne wype\u0142nienia) s\u0105 idealne dla os\u00f3b z alergiami, astm\u0105 lub wra\u017cliw\u0105 sk\u00f3r\u0105. Wyb\u00f3r zale\u017cy od Twoich potrzeb \u2013 je\u015bli cenisz komfort i tradycj\u0119, wybierz naturalne; je\u015bli zale\u017cy Ci na hipoalergiczno\u015bci i \u0142atwej piel\u0119gnacji, wybierz produkty antyalergiczne.<br><br><strong>Ko\u0142dra ca\u0142oroczna, letnia, zimowa, a mo\u017ce jeszcze inna? Co wybra\u0107?<\/strong><br>Ko\u0142dra letnia jest lekka i przewiewna, dlatego sprawdza si\u0119 w ciep\u0142e miesi\u0105ce, natomiast ko\u0142dra zimowa jest grubsza i zapewnia odpowiednie ciep\u0142o podczas ch\u0142odnych nocy. Ko\u0142dra ca\u0142oroczna ma \u015bredni\u0105 grubo\u015b\u0107 i jest odpowiednia przez ca\u0142y rok, a ko\u0142dra czterosezonowa to zestaw dw\u00f3ch ko\u0142der, kt\u00f3re mo\u017cna \u0142\u0105czy\u0107 zim\u0105, aby uzyska\u0107 dodatkowe ciep\u0142o.<br><br><strong>Jak dobra\u0107 poduszk\u0119 do swojego stylu snu?<\/strong><br>Osoby \u015bpi\u0105ce na boku powinny wybiera\u0107 poduszki \u015brednio twarde lub twardsze, kt\u00f3re zapewniaj\u0105 odpowiednie podparcie szyi, natomiast osoby \u015bpi\u0105ce na plecach powinny wybiera\u0107 poduszki o \u015bredniej wysoko\u015bci, kt\u00f3re lekko unosz\u0105 g\u0142ow\u0119. Osoby \u015bpi\u0105ce na brzuchu powinny natomiast wybiera\u0107 poduszki mi\u0119kkie i niskie, aby nie obci\u0105\u017ca\u0107 karku.<br><br><strong>Co lepsze: pierze, puch czy w\u0142\u00f3kna syntetyczne?<\/strong><br>Puch jest lekki, mi\u0119kki i doskonale izoluje ciep\u0142o, pierze jest nieco ci\u0119\u017csze, trwa\u0142e i dobrze utrzymuje temperatur\u0119 cia\u0142a, natomiast w\u0142\u00f3kna syntetyczne s\u0105 antyalergiczne, \u0142atwe w praniu i utrzymuj\u0105 sw\u00f3j kszta\u0142t przez d\u0142ugi czas.<br><br><strong>Czy naturalne wype\u0142nienia nadaj\u0105 si\u0119 dla alergik\u00f3w?<\/strong><br>Nie wszystkie naturalne wype\u0142nienia nadaj\u0105 si\u0119 dla alergik\u00f3w, dlatego warto wybiera\u0107 produkty specjalnie oczyszczone i certyfikowane jako antyalergiczne. W przypadku silnych alergii bezpieczniejszym wyborem s\u0105 produkty syntetyczne lub certyfikowane hipoalergiczne.<br><br><strong>Jak pra\u0107 ko\u0142dr\u0119 lub poduszk\u0119?<\/strong><br>Zawsze warto sprawdzi\u0107 metk\u0119, poniewa\u017c producenci podaj\u0105 zalecenia dotycz\u0105ce temperatury i sposobu prania. Produkty syntetyczne mo\u017cna pra\u0107 w pralce w wy\u017cszej temperaturze, natomiast ko\u0142dry i poduszki z pierza lub puchu najlepiej pra\u0107 w pralni chemicznej lub w du\u017cej pralce w niskiej temperaturze, u\u017cywaj\u0105c specjalnych detergent\u00f3w.<\/p>\n<\/div><\/div>\n\n\n<style>.kadence-column37_504816-bb > .kt-inside-inner-col,.kadence-column37_504816-bb > .kt-inside-inner-col:before{border-top-left-radius:0px;border-top-right-radius:0px;border-bottom-right-radius:0px;border-bottom-left-radius:0px;}.kadence-column37_504816-bb > .kt-inside-inner-col{column-gap:var(--global-kb-gap-sm, 1rem);}.kadence-column37_504816-bb > .kt-inside-inner-col{flex-direction:column;}.kadence-column37_504816-bb > .kt-inside-inner-col > .aligncenter{width:100%;}.kadence-column37_504816-bb > .kt-inside-inner-col:before{opacity:0.3;}.kadence-column37_504816-bb{position:relative;}@media all and (max-width: 1024px){.kadence-column37_504816-bb > .kt-inside-inner-col{flex-direction:column;justify-content:center;}}@media all and (max-width: 767px){.kadence-column37_504816-bb > .kt-inside-inner-col{flex-direction:column;justify-content:center;}}<\/style>\n<div class=\"wp-block-kadence-column kadence-column37_504816-bb\"><div class=\"kt-inside-inner-col\"><style>.kb-row-layout-id37_624cd3-3b > .kt-row-column-wrap{align-content:start;}:where(.kb-row-layout-id37_624cd3-3b > .kt-row-column-wrap) > .wp-block-kadence-column{justify-content:start;}.kb-row-layout-id37_624cd3-3b > .kt-row-column-wrap{column-gap:var(--global-kb-gap-md, 2rem);row-gap:var(--global-kb-gap-md, 2rem);padding-top:0px;padding-right:0px;padding-bottom:0px;padding-left:0px;grid-template-columns:minmax(0, 1fr);}.kb-row-layout-id37_624cd3-3b > .kt-row-layout-overlay{opacity:0.30;}@media all and (max-width: 1024px){.kb-row-layout-id37_624cd3-3b > .kt-row-column-wrap{padding-right:var(--global-kb-spacing-4xl, 8rem);padding-left:var(--global-kb-spacing-4xl, 8rem);grid-template-columns:minmax(0, 1fr);}}@media all and (max-width: 767px){.kb-row-layout-id37_624cd3-3b > .kt-row-column-wrap{padding-right:0px;padding-left:0px;grid-template-columns:minmax(0, 1fr);}}<\/style><div class=\"kb-row-layout-wrap kb-row-layout-id37_624cd3-3b alignnone wp-block-kadence-rowlayout\"><div class=\"kt-row-column-wrap kt-has-1-columns kt-row-layout-equal kt-tab-layout-inherit kt-mobile-layout-row kt-row-valign-top\">\n<style>.kadence-column37_cb0bea-27 > .kt-inside-inner-col,.kadence-column37_cb0bea-27 > .kt-inside-inner-col:before{border-top-left-radius:0px;border-top-right-radius:0px;border-bottom-right-radius:0px;border-bottom-left-radius:0px;}.kadence-column37_cb0bea-27 > .kt-inside-inner-col{column-gap:var(--global-kb-gap-sm, 1rem);}.kadence-column37_cb0bea-27 > .kt-inside-inner-col{flex-direction:column;}.kadence-column37_cb0bea-27 > .kt-inside-inner-col > .aligncenter{width:100%;}.kadence-column37_cb0bea-27 > .kt-inside-inner-col:before{opacity:0.3;}.kadence-column37_cb0bea-27{position:relative;}@media all and (max-width: 1024px){.kadence-column37_cb0bea-27 > .kt-inside-inner-col{flex-direction:column;justify-content:center;}}@media all and (max-width: 767px){.kadence-column37_cb0bea-27 > .kt-inside-inner-col{flex-direction:column;justify-content:center;}}<\/style>\n<div class=\"wp-block-kadence-column kadence-column37_cb0bea-27\"><div class=\"kt-inside-inner-col\"><\/div><\/div>\n\n<\/div><\/div><\/div><\/div>\n\n<\/div><\/div>\n\n<style>.kb-row-layout-id37_68fee0-c0 > .kt-row-column-wrap{align-content:start;}:where(.kb-row-layout-id37_68fee0-c0 > .kt-row-column-wrap) > .wp-block-kadence-column{justify-content:start;}.kb-row-layout-id37_68fee0-c0 > .kt-row-column-wrap{column-gap:var(--global-kb-gap-md, 2rem);row-gap:var(--global-kb-gap-md, 2rem);max-width:600px;margin-left:auto;margin-right:auto;padding-top:200px;padding-right:0px;padding-bottom:200px;padding-left:0px;grid-template-columns:minmax(0, 1fr);}.kb-row-layout-id37_68fee0-c0{background-image:url('http:\/\/koldry.dkonto.pl\/wp-content\/uploads\/2025\/12\/ROBI_Slider_c3.png');background-size:cover;background-position:50% 50%;background-attachment:scroll;background-repeat:no-repeat;}.kb-row-layout-id37_68fee0-c0 > .kt-row-layout-overlay{opacity:0.15;background-color:#1b1b1b;mix-blend-mode:normal;}.kb-row-layout-id37_68fee0-c0 .kt-row-layout-bottom-sep{height:100px;}.kb-row-layout-id37_68fee0-c0 .kt-row-layout-bottom-sep svg{width:100%;}.kb-row-layout-id37_68fee0-c0 .kt-row-layout-bottom-sep svg{fill:#1a202c!important;}@media all and (max-width: 1024px){.kb-row-layout-id37_68fee0-c0 > .kt-row-column-wrap{grid-template-columns:minmax(0, 1fr);}}@media all and (max-width: 1024px){.kb-row-layout-id37_68fee0-c0 .kt-row-layout-bottom-sep{height:px;}}@media all and (max-width: 1024px){.kb-row-layout-id37_68fee0-c0 .kt-row-layout-bottom-sep svg{width:%;}}@media all and (max-width: 767px){.kb-row-layout-id37_68fee0-c0 > .kt-row-column-wrap{padding-top:120px;padding-right:15px;padding-bottom:60px;padding-left:15px;grid-template-columns:minmax(0, 1fr);}.kb-row-layout-id37_68fee0-c0 .kt-row-layout-bottom-sep{height:px;}.kb-row-layout-id37_68fee0-c0 .kt-row-layout-bottom-sep svg{width:%;}}<\/style><div class=\"kb-row-layout-wrap kb-row-layout-id37_68fee0-c0 alignfull kt-row-has-bg wp-block-kadence-rowlayout\"><div class=\"kt-row-layout-overlay kt-row-overlay-normal\"><\/div><div class=\"kt-row-layout-bottom-sep kt-row-sep-type-crvri\"><svg viewBox=\"0 0 1000 100\" preserveAspectRatio=\"none\"><path d=\"M1000,0c0,0 -120.987,98 -350,98c-229.013,0 -650,-98 -650,-98l0,100l1000,0l0,-100Z\" \/><\/svg><\/div><div class=\"kt-row-column-wrap kt-has-1-columns kt-row-layout-equal kt-tab-layout-inherit kt-mobile-layout-row kt-row-valign-top\">\n<style>.kadence-column37_884f1f-08 > .kt-inside-inner-col{padding-top:10px;padding-right:10px;padding-bottom:10px;padding-left:10px;}.kadence-column37_884f1f-08 > .kt-inside-inner-col,.kadence-column37_884f1f-08 > .kt-inside-inner-col:before{border-top-left-radius:0px;border-top-right-radius:0px;border-bottom-right-radius:0px;border-bottom-left-radius:0px;}.kadence-column37_884f1f-08 > .kt-inside-inner-col{column-gap:var(--global-kb-gap-sm, 1rem);}.kadence-column37_884f1f-08 > .kt-inside-inner-col{flex-direction:column;}.kadence-column37_884f1f-08 > .kt-inside-inner-col > .aligncenter{width:100%;}.kadence-column37_884f1f-08 > .kt-inside-inner-col:before{opacity:0.3;}.kadence-column37_884f1f-08{position:relative;}@media all and (max-width: 1024px){.kadence-column37_884f1f-08 > .kt-inside-inner-col{flex-direction:column;justify-content:center;}}@media all and (max-width: 767px){.kadence-column37_884f1f-08 > .kt-inside-inner-col{flex-direction:column;justify-content:center;}}<\/style>\n<div class=\"wp-block-kadence-column kadence-column37_884f1f-08 inner-column-1\"><div class=\"kt-inside-inner-col\"><style>.wp-block-kadence-advancedheading.kt-adv-heading37_b3547c-be, .wp-block-kadence-advancedheading.kt-adv-heading37_b3547c-be[data-kb-block=\"kb-adv-heading37_b3547c-be\"]{margin-bottom:26px;text-align:center;font-size:var(--global-kb-font-size-xl, 3rem);line-height:64px;font-style:normal;}.wp-block-kadence-advancedheading.kt-adv-heading37_b3547c-be mark.kt-highlight, .wp-block-kadence-advancedheading.kt-adv-heading37_b3547c-be[data-kb-block=\"kb-adv-heading37_b3547c-be\"] mark.kt-highlight{font-style:normal;color:#f76a0c;-webkit-box-decoration-break:clone;box-decoration-break:clone;padding-top:0px;padding-right:0px;padding-bottom:0px;padding-left:0px;}@media all and (max-width: 767px){.wp-block-kadence-advancedheading.kt-adv-heading37_b3547c-be, .wp-block-kadence-advancedheading.kt-adv-heading37_b3547c-be[data-kb-block=\"kb-adv-heading37_b3547c-be\"]{font-size:32px;line-height:36px;}}<\/style>\n<h2 class=\"kt-adv-heading37_b3547c-be wp-block-kadence-advancedheading has-theme-palette-9-color has-text-color\" data-kb-block=\"kb-adv-heading37_b3547c-be\">KO\u0141DRY<br>CA\u0141OROCZNE<\/h2>\n\n\n<style>.wp-block-kadence-advancedheading.kt-adv-heading37_a4821a-24, .wp-block-kadence-advancedheading.kt-adv-heading37_a4821a-24[data-kb-block=\"kb-adv-heading37_a4821a-24\"]{margin-bottom:40px;text-align:center;font-style:normal;}.wp-block-kadence-advancedheading.kt-adv-heading37_a4821a-24 mark.kt-highlight, .wp-block-kadence-advancedheading.kt-adv-heading37_a4821a-24[data-kb-block=\"kb-adv-heading37_a4821a-24\"] mark.kt-highlight{font-style:normal;color:#f76a0c;-webkit-box-decoration-break:clone;box-decoration-break:clone;padding-top:0px;padding-right:0px;padding-bottom:0px;padding-left:0px;}<\/style>\n<p class=\"kt-adv-heading37_a4821a-24 wp-block-kadence-advancedheading has-theme-palette-4-color has-text-color\" data-kb-block=\"kb-adv-heading37_a4821a-24\"> <\/p>\n<\/div><\/div>\n\n<\/div><\/div>\n\n\n<p><\/p>\n","protected":false},"excerpt":{"rendered":"<p>FAQ Najcz\u0119\u015bciej zadawane pytania i odpowiedzi Produkt naturalny czy antyalergiczny \u2013 co wybra\u0107?Ko\u0142dry i poduszki naturalne (np. z pierza, puchu, we\u0142ny, bawe\u0142ny) zapewniaj\u0105 doskona\u0142\u0105 termoregulacj\u0119 i komfort snu. Produkty antyalergiczne (syntetyczne lub specjalnie przetworzone naturalne wype\u0142nienia) s\u0105 idealne dla os\u00f3b z alergiami, astm\u0105 lub wra\u017cliw\u0105 sk\u00f3r\u0105. Wyb\u00f3r zale\u017cy od Twoich potrzeb \u2013 je\u015bli cenisz komfort&#8230;<\/p>\n","protected":false},"author":1,"featured_media":0,"parent":0,"menu_order":0,"comment_status":"closed","ping_status":"closed","template":"","meta":{"_kadence_starter_templates_imported_post":false,"_kad_post_transparent":"","_kad_post_title":"hide","_kad_post_layout":"fullwidth","_kad_post_sidebar_id":"","_kad_post_content_style":"unboxed","_kad_post_vertical_padding":"hide","_kad_post_feature":"hide","_kad_post_feature_position":"","_kad_post_header":false,"_kad_post_footer":false,"_kad_post_classname":"","footnotes":""},"class_list":["post-37","page","type-page","status-publish","hentry"],"_links":{"self":[{"href":"https:\/\/koldry.dkonto.pl\/index.php\/wp-json\/wp\/v2\/pages\/37","targetHints":{"allow":["GET"]}}],"collection":[{"href":"https:\/\/koldry.dkonto.pl\/index.php\/wp-json\/wp\/v2\/pages"}],"about":[{"href":"https:\/\/koldry.dkonto.pl\/index.php\/wp-json\/wp\/v2\/types\/page"}],"author":[{"embeddable":true,"href":"https:\/\/koldry.dkonto.pl\/index.php\/wp-json\/wp\/v2\/users\/1"}],"replies":[{"embeddable":true,"href":"https:\/\/koldry.dkonto.pl\/index.php\/wp-json\/wp\/v2\/comments?post=37"}],"version-history":[{"count":2,"href":"https:\/\/koldry.dkonto.pl\/index.php\/wp-json\/wp\/v2\/pages\/37\/revisions"}],"predecessor-version":[{"id":42,"href":"https:\/\/koldry.dkonto.pl\/index.php\/wp-json\/wp\/v2\/pages\/37\/revisions\/42"}],"wp:attachment":[{"href":"https:\/\/koldry.dkonto.pl\/index.php\/wp-json\/wp\/v2\/media?parent=37"}],"curies":[{"name":"wp","href":"https:\/\/api.w.org\/{rel}","templated":true}]}}